{"id":7,"date":"2022-08-08T13:54:30","date_gmt":"2022-08-08T11:54:30","guid":{"rendered":"https:\/\/transportsbellanger.com\/?page_id=7"},"modified":"2025-12-05T18:57:55","modified_gmt":"2025-12-05T17:57:55","slug":"accueil","status":"publish","type":"page","link":"https:\/\/transportsbellanger.com\/","title":{"rendered":"Bienvenue chez Transports Bellanger"},"content":{"rendered":"\n<div class=\"wp-block-group alignwide fiche bg-rose decalage-desktop is-layout-flow wp-block-group-is-layout-flow\"><h1 style=\"margin-bottom:var(--wp--custom--spacing--medium, 6rem);\" class=\"alignwide titre-page-accueil wp-block-post-title has-text-color has-foreground-color\">Bienvenue chez Transports Bellanger<\/h1>\n\n\n<figure class=\"wp-block-gallery has-nested-images columns-default is-cropped wp-block-gallery-1 is-layout-flex wp-block-gallery-is-layout-flex\"><\/figure>\n\n\n\n<p>Transports Bellanger est une soci\u00e9t\u00e9 sp\u00e9cialis\u00e9e dans le transport de voyageur par autocar.<br>Bien que bas\u00e9e dans le <strong>P\u00e9rigord blanc<\/strong>, en plein centre de la <strong>Dordogne<\/strong>, nous organisons des voyages \u00e0 travers toute la <strong>France<\/strong> et l&rsquo;<strong>Europe<\/strong>. Que ce soit pour des manifestations (sportives, culturelles, etc.), des excursions, ou du tourisme, nous vous offrons une prestation de qualit\u00e9 o\u00f9 la s\u00e9curit\u00e9 et le confort sont nos pr\u00e9occupations principales.<\/p>\n\n\n\n<div class=\"wp-block-cover aligncenter\"><img loading=\"lazy\" decoding=\"async\" width=\"1920\" height=\"1284\" class=\"wp-block-cover__image-background wp-image-424\" alt=\"\u00c9tablissement Transports Bellanger\" src=\"https:\/\/transportsbellanger.com\/wp-content\/uploads\/2023\/02\/Transports_Bellanger.jpg\" data-object-fit=\"cover\" srcset=\"https:\/\/transportsbellanger.com\/wp-content\/uploads\/2023\/02\/Transports_Bellanger.jpg 1920w, https:\/\/transportsbellanger.com\/wp-content\/uploads\/2023\/02\/Transports_Bellanger-300x201.jpg 300w, https:\/\/transportsbellanger.com\/wp-content\/uploads\/2023\/02\/Transports_Bellanger-1024x685.jpg 1024w, https:\/\/transportsbellanger.com\/wp-content\/uploads\/2023\/02\/Transports_Bellanger-768x514.jpg 768w, https:\/\/transportsbellanger.com\/wp-content\/uploads\/2023\/02\/Transports_Bellanger-1536x1027.jpg 1536w\" sizes=\"auto, (max-width: 1920px) 100vw, 1920px\" \/><span aria-hidden=\"true\" class=\"wp-block-cover__background has-background-dim-0 has-background-dim\"><\/span><div class=\"wp-block-cover__inner-container is-layout-flow wp-block-cover-is-layout-flow\">\n<p class=\"has-text-align-center has-large-font-size\"><\/p>\n<\/div><\/div>\n\n\n\n<div style=\"height:50px\" aria-hidden=\"true\" class=\"wp-block-spacer\"><\/div>\n\n\n\n<h2 class=\"wp-block-heading has-text-align-center\">Nos activit\u00e9s<\/h2>\n\n\n\n<figure class=\"wp-block-gallery aligncenter has-nested-images columns-default is-cropped galerie-menu wp-block-gallery-2 is-layout-flex wp-block-gallery-is-layout-flex\">\n<figure class=\"wp-block-image size-large\"><a href=\"https:\/\/transportsbellanger.com\/index.php\/transport-en-autocar\/\"><img loading=\"lazy\" decoding=\"async\" width=\"1024\" height=\"685\" data-id=\"544\" src=\"https:\/\/transportsbellanger.com\/wp-content\/uploads\/2023\/03\/Autocar_Bellanger_02-1024x685.jpg\" alt=\"Autocar transports Bellanger\" class=\"wp-image-544\" srcset=\"https:\/\/transportsbellanger.com\/wp-content\/uploads\/2023\/03\/Autocar_Bellanger_02-1024x685.jpg 1024w, https:\/\/transportsbellanger.com\/wp-content\/uploads\/2023\/03\/Autocar_Bellanger_02-300x201.jpg 300w, https:\/\/transportsbellanger.com\/wp-content\/uploads\/2023\/03\/Autocar_Bellanger_02-768x514.jpg 768w, https:\/\/transportsbellanger.com\/wp-content\/uploads\/2023\/03\/Autocar_Bellanger_02-1536x1027.jpg 1536w, https:\/\/transportsbellanger.com\/wp-content\/uploads\/2023\/03\/Autocar_Bellanger_02.jpg 1920w\" sizes=\"auto, (max-width: 1024px) 100vw, 1024px\" \/><\/a><figcaption class=\"wp-element-caption\">Transport en autocar<\/figcaption><\/figure>\n\n\n\n<figure class=\"wp-block-image size-large\"><a href=\"https:\/\/transportsbellanger.com\/index.php\/voyages-et-excursions\/\"><img loading=\"lazy\" decoding=\"async\" width=\"1024\" height=\"683\" data-id=\"249\" src=\"https:\/\/transportsbellanger.com\/wp-content\/uploads\/2022\/09\/beach-5960371_1920-1024x683.jpg\" alt=\"Voyage\" class=\"wp-image-249\" srcset=\"https:\/\/transportsbellanger.com\/wp-content\/uploads\/2022\/09\/beach-5960371_1920-1024x683.jpg 1024w, https:\/\/transportsbellanger.com\/wp-content\/uploads\/2022\/09\/beach-5960371_1920-300x200.jpg 300w, https:\/\/transportsbellanger.com\/wp-content\/uploads\/2022\/09\/beach-5960371_1920-768x512.jpg 768w, https:\/\/transportsbellanger.com\/wp-content\/uploads\/2022\/09\/beach-5960371_1920-1536x1024.jpg 1536w, https:\/\/transportsbellanger.com\/wp-content\/uploads\/2022\/09\/beach-5960371_1920.jpg 1920w\" sizes=\"auto, (max-width: 1024px) 100vw, 1024px\" \/><\/a><figcaption class=\"wp-element-caption\">Voyages organis\u00e9s<\/figcaption><\/figure>\n<\/figure>\n<\/div>\n\n\n\n<figure class=\"wp-block-image alignfull size-full bandeau decalage-desktop\"><img loading=\"lazy\" decoding=\"async\" width=\"1920\" height=\"1080\" src=\"https:\/\/transportsbellanger.com\/wp-content\/uploads\/2023\/04\/corsica_1920.jpg\" alt=\"Montagne corse\" class=\"wp-image-613\" srcset=\"https:\/\/transportsbellanger.com\/wp-content\/uploads\/2023\/04\/corsica_1920.jpg 1920w, https:\/\/transportsbellanger.com\/wp-content\/uploads\/2023\/04\/corsica_1920-300x169.jpg 300w, https:\/\/transportsbellanger.com\/wp-content\/uploads\/2023\/04\/corsica_1920-1024x576.jpg 1024w, https:\/\/transportsbellanger.com\/wp-content\/uploads\/2023\/04\/corsica_1920-768x432.jpg 768w, https:\/\/transportsbellanger.com\/wp-content\/uploads\/2023\/04\/corsica_1920-1536x864.jpg 1536w\" sizes=\"auto, (max-width: 1920px) 100vw, 1920px\" \/><\/figure>\n\n\n\n<div class=\"wp-block-group alignfull bg-rose actualites decalage-desktop is-layout-flow wp-block-group-is-layout-flow\">\n<h2 class=\"wp-block-heading has-text-align-center\">Actualit\u00e9s<\/h2>\n<\/div>\n\n\n\n<div class=\"wp-block-group decalage-desktop is-layout-constrained wp-block-group-is-layout-constrained\">\n<div style=\"height:5px\" aria-hidden=\"true\" id=\"nouscontacter\" class=\"wp-block-spacer\"><\/div>\n\n\n\n<div data-wp-interactive=\"core\/file\" class=\"wp-block-file\"><object data-wp-bind--hidden=\"!state.hasPdfPreview\" hidden class=\"wp-block-file__embed\" data=\"https:\/\/transportsbellanger.com\/wp-content\/uploads\/2025\/12\/brochure-2026-ok-1.pdf\" type=\"application\/pdf\" style=\"width:100%;height:600px\" aria-label=\"Contenu embarqu\u00e9 Brochure 2026 .\"><\/object><a id=\"wp-block-file--media-4fd6ff91-4c38-454e-a608-8a6f958edc5d\" href=\"https:\/\/transportsbellanger.com\/wp-content\/uploads\/2025\/12\/brochure-2026-ok-1.pdf\">Brochure 2026 <\/a><a href=\"https:\/\/transportsbellanger.com\/wp-content\/uploads\/2025\/12\/brochure-2026-ok-1.pdf\" class=\"wp-block-file__button wp-element-button\" download aria-describedby=\"wp-block-file--media-4fd6ff91-4c38-454e-a608-8a6f958edc5d\">T\u00e9l\u00e9charger<\/a><\/div>\n\n\n\n<h2 class=\"wp-block-heading has-text-align-center\">Ecrivez-nous<\/h2>\n\n\n<div class=\"wpforms-container wpforms-container-full wpforms-block wpforms-block-e5b99bec-cd5b-4f54-a9f7-d2566566aaa3\" id=\"wpforms-83\"><form id=\"wpforms-form-83\" class=\"wpforms-validate wpforms-form wpforms-ajax-form\" data-formid=\"83\" method=\"post\" enctype=\"multipart\/form-data\" action=\"\/index.php\/wp-json\/wp\/v2\/pages\/7\" data-token=\"d158613e4d212ea2dbb1e1fbd3bf2fd8\"><noscript class=\"wpforms-error-noscript\">Veuillez activer JavaScript dans votre navigateur pour remplir ce formulaire.<\/noscript><div class=\"wpforms-field-container\"><div id=\"wpforms-83-field_1-container\" class=\"wpforms-field wpforms-field-email\" data-field-id=\"1\"><label class=\"wpforms-field-label\" for=\"wpforms-83-field_1\">E-mail <span class=\"wpforms-required-label\">*<\/span><\/label><input type=\"email\" id=\"wpforms-83-field_1\" class=\"wpforms-field-medium wpforms-field-required\" name=\"wpforms[fields][1]\" spellcheck=\"false\" required><\/div><div id=\"wpforms-83-field_0-container\" class=\"wpforms-field wpforms-field-name\" data-field-id=\"0\"><label class=\"wpforms-field-label\" for=\"wpforms-83-field_0\">Nom <span class=\"wpforms-required-label\">*<\/span><\/label><div class=\"wpforms-field-row wpforms-field-medium\"><div class=\"wpforms-field-row-block wpforms-first wpforms-one-half\"><input type=\"text\" id=\"wpforms-83-field_0\" class=\"wpforms-field-name-first wpforms-field-required\" name=\"wpforms[fields][0][first]\" required><label for=\"wpforms-83-field_0\" class=\"wpforms-field-sublabel after \">Pr\u00e9nom<\/label><\/div><div class=\"wpforms-field-row-block wpforms-one-half\"><input type=\"text\" id=\"wpforms-83-field_0-last\" class=\"wpforms-field-name-last wpforms-field-required\" name=\"wpforms[fields][0][last]\" required><label for=\"wpforms-83-field_0-last\" class=\"wpforms-field-sublabel after \">Nom<\/label><\/div><\/div><\/div><div id=\"wpforms-83-field_3-container\" class=\"wpforms-field wpforms-field-text\" data-field-id=\"3\"><label class=\"wpforms-field-label\" for=\"wpforms-83-field_3\">N\u00b0 de t\u00e9l\u00e9phone<\/label><input type=\"text\" id=\"wpforms-83-field_3\" class=\"wpforms-field-medium wpforms-masked-input\" data-rule-inputmask-incomplete=\"1\" data-inputmask-mask=\"[+99 ][0]9 99 99 99 99\" name=\"wpforms[fields][3]\" ><\/div><div id=\"wpforms-83-field_2-container\" class=\"wpforms-field wpforms-field-textarea\" data-field-id=\"2\"><label class=\"wpforms-field-label\" for=\"wpforms-83-field_2\">Commentaire ou message <span class=\"wpforms-required-label\">*<\/span><\/label><textarea id=\"wpforms-83-field_2\" class=\"wpforms-field-medium wpforms-field-required\" name=\"wpforms[fields][2]\" required><\/textarea><\/div><\/div><!-- .wpforms-field-container --><input type=\"hidden\" name=\"wpforms[recaptcha]\" value=\"\"><div class=\"wpforms-submit-container\" ><input type=\"hidden\" name=\"wpforms[id]\" value=\"83\"><input type=\"hidden\" name=\"wpforms[author]\" value=\"1\"><button type=\"submit\" name=\"wpforms[submit]\" id=\"wpforms-submit-83\" class=\"wpforms-submit\" data-alt-text=\"Envoi...\" data-submit-text=\"Envoyer\" aria-live=\"assertive\" value=\"wpforms-submit\">Envoyer<\/button><img loading=\"lazy\" decoding=\"async\" src=\"https:\/\/transportsbellanger.com\/wp-content\/plugins\/wpforms-lite\/assets\/images\/submit-spin.svg\" class=\"wpforms-submit-spinner\" style=\"display: none;\" width=\"26\" height=\"26\" alt=\"Chargement en cours\"><\/div><\/form><\/div>  <!-- .wpforms-container --><\/div>\n\n\n\n<div class=\"wp-block-group decalage-desktop-min is-layout-constrained wp-block-group-is-layout-constrained\">\n<div style=\"height:5px\" aria-hidden=\"true\" class=\"wp-block-spacer\"><\/div>\n\n\n\n<p class=\"has-text-align-center\">Suivez toutes nos actualit\u00e9s sur les r\u00e9seaux sociaux<\/p>\n\n\n\n<ul class=\"wp-block-social-links aligncenter has-normal-icon-size is-content-justification-center is-layout-flex wp-container-core-social-links-is-layout-a89b3969 wp-block-social-links-is-layout-flex\"><li class=\"wp-social-link wp-social-link-facebook  wp-block-social-link\"><a href=\"https:\/\/www.facebook.com\/voyagesbellanger\/\" class=\"wp-block-social-link-anchor\"><svg width=\"24\" height=\"24\" viewBox=\"0 0 24 24\" version=\"1.1\" xmlns=\"http:\/\/www.w3.org\/2000\/svg\" aria-hidden=\"true\" focusable=\"false\"><path d=\"M12 2C6.5 2 2 6.5 2 12c0 5 3.7 9.1 8.4 9.9v-7H7.9V12h2.5V9.8c0-2.5 1.5-3.9 3.8-3.9 1.1 0 2.2.2 2.2.2v2.5h-1.3c-1.2 0-1.6.8-1.6 1.6V12h2.8l-.4 2.9h-2.3v7C18.3 21.1 22 17 22 12c0-5.5-4.5-10-10-10z\"><\/path><\/svg><span class=\"wp-block-social-link-label screen-reader-text\">Facebook<\/span><\/a><\/li>\n\n<li class=\"wp-social-link wp-social-link-instagram  wp-block-social-link\"><a href=\"https:\/\/instagram.com\/transport.bellanger_24\" class=\"wp-block-social-link-anchor\"><svg width=\"24\" height=\"24\" viewBox=\"0 0 24 24\" version=\"1.1\" xmlns=\"http:\/\/www.w3.org\/2000\/svg\" aria-hidden=\"true\" focusable=\"false\"><path d=\"M12,4.622c2.403,0,2.688,0.009,3.637,0.052c0.877,0.04,1.354,0.187,1.671,0.31c0.42,0.163,0.72,0.358,1.035,0.673 c0.315,0.315,0.51,0.615,0.673,1.035c0.123,0.317,0.27,0.794,0.31,1.671c0.043,0.949,0.052,1.234,0.052,3.637 s-0.009,2.688-0.052,3.637c-0.04,0.877-0.187,1.354-0.31,1.671c-0.163,0.42-0.358,0.72-0.673,1.035 c-0.315,0.315-0.615,0.51-1.035,0.673c-0.317,0.123-0.794,0.27-1.671,0.31c-0.949,0.043-1.233,0.052-3.637,0.052 s-2.688-0.009-3.637-0.052c-0.877-0.04-1.354-0.187-1.671-0.31c-0.42-0.163-0.72-0.358-1.035-0.673 c-0.315-0.315-0.51-0.615-0.673-1.035c-0.123-0.317-0.27-0.794-0.31-1.671C4.631,14.688,4.622,14.403,4.622,12 s0.009-2.688,0.052-3.637c0.04-0.877,0.187-1.354,0.31-1.671c0.163-0.42,0.358-0.72,0.673-1.035 c0.315-0.315,0.615-0.51,1.035-0.673c0.317-0.123,0.794-0.27,1.671-0.31C9.312,4.631,9.597,4.622,12,4.622 M12,3 C9.556,3,9.249,3.01,8.289,3.054C7.331,3.098,6.677,3.25,6.105,3.472C5.513,3.702,5.011,4.01,4.511,4.511 c-0.5,0.5-0.808,1.002-1.038,1.594C3.25,6.677,3.098,7.331,3.054,8.289C3.01,9.249,3,9.556,3,12c0,2.444,0.01,2.751,0.054,3.711 c0.044,0.958,0.196,1.612,0.418,2.185c0.23,0.592,0.538,1.094,1.038,1.594c0.5,0.5,1.002,0.808,1.594,1.038 c0.572,0.222,1.227,0.375,2.185,0.418C9.249,20.99,9.556,21,12,21s2.751-0.01,3.711-0.054c0.958-0.044,1.612-0.196,2.185-0.418 c0.592-0.23,1.094-0.538,1.594-1.038c0.5-0.5,0.808-1.002,1.038-1.594c0.222-0.572,0.375-1.227,0.418-2.185 C20.99,14.751,21,14.444,21,12s-0.01-2.751-0.054-3.711c-0.044-0.958-0.196-1.612-0.418-2.185c-0.23-0.592-0.538-1.094-1.038-1.594 c-0.5-0.5-1.002-0.808-1.594-1.038c-0.572-0.222-1.227-0.375-2.185-0.418C14.751,3.01,14.444,3,12,3L12,3z M12,7.378 c-2.552,0-4.622,2.069-4.622,4.622S9.448,16.622,12,16.622s4.622-2.069,4.622-4.622S14.552,7.378,12,7.378z M12,15 c-1.657,0-3-1.343-3-3s1.343-3,3-3s3,1.343,3,3S13.657,15,12,15z M16.804,6.116c-0.596,0-1.08,0.484-1.08,1.08 s0.484,1.08,1.08,1.08c0.596,0,1.08-0.484,1.08-1.08S17.401,6.116,16.804,6.116z\"><\/path><\/svg><span class=\"wp-block-social-link-label screen-reader-text\">Instagram<\/span><\/a><\/li><\/ul>\n<\/div>\n\n\n\n<div class=\"wp-block-group localisation is-layout-constrained wp-block-group-is-layout-constrained\"><p><iframe src=\"https:\/\/www.google.com\/maps\/embed?pb=!1m18!1m12!1m3!1d2817.1452848001495!2d0.5463822!3d45.0828469!2m3!1f0!2f0!3f0!3m2!1i1024!2i768!4f13.1!3m3!1m2!1s0x47ff83ef64f83865%3A0x8d8fb16ea5cd3b42!2sTransports%20Bellanger%20-%20Voyages%20Bus%20Car!5e0!3m2!1sfr!2sfr!4v1681123732280!5m2!1sfr!2sfr\" style=\"border:0;\" allowfullscreen=\"\" loading=\"lazy\" referrerpolicy=\"no-referrer-when-downgrade\" width=\"600\" height=\"450\"><\/iframe><\/p>\n<\/div>\n","protected":false},"excerpt":{"rendered":"<p>Transports Bellanger est une soci\u00e9t\u00e9 sp\u00e9cialis\u00e9e dans le transport de voyageur par autocar.Bien que bas\u00e9e dans le P\u00e9rigord blanc, en plein centre de la Dordogne, nous organisons des voyages \u00e0 travers toute la France et l&rsquo;Europe. Que ce soit pour des manifestations (sportives, culturelles, etc.), des excursions, ou du tourisme, nous vous offrons une prestation [&hellip;]<\/p>\n","protected":false},"author":1,"featured_media":536,"parent":0,"menu_order":0,"comment_status":"closed","ping_status":"closed","template":"","meta":{"footnotes":""},"class_list":["post-7","page","type-page","status-publish","has-post-thumbnail","hentry"],"yoast_head":"<!-- This site is optimized with the Yoast SEO plugin v20.4 - https:\/\/yoast.com\/wordpress\/plugins\/seo\/ -->\n<title>Transports Bellanger - Voyages en autocar en France et en Europe<\/title>\n<meta name=\"description\" content=\"Les Transports Bellanger : sp\u00e9cialiste du transport de voyageurs par autocar : voyages, excursions, navettes vers les a\u00e9roports et les gares.\" \/>\n<meta name=\"robots\" content=\"index, follow, max-snippet:-1, max-image-preview:large, max-video-preview:-1\" \/>\n<link rel=\"canonical\" href=\"https:\/\/transportsbellanger.com\/\" \/>\n<meta property=\"og:locale\" content=\"fr_FR\" \/>\n<meta property=\"og:type\" content=\"article\" \/>\n<meta property=\"og:title\" content=\"Transports Bellanger - Voyages en autocar en France et en Europe\" \/>\n<meta property=\"og:description\" content=\"Les Transports Bellanger : sp\u00e9cialiste du transport de voyageurs par autocar : voyages, excursions, navettes vers les a\u00e9roports et les gares.\" \/>\n<meta property=\"og:url\" content=\"https:\/\/transportsbellanger.com\/\" \/>\n<meta property=\"og:site_name\" content=\"Transports BELLANGER\" \/>\n<meta property=\"article:modified_time\" content=\"2025-12-05T17:57:55+00:00\" \/>\n<meta property=\"og:image\" content=\"https:\/\/transportsbellanger.com\/wp-content\/uploads\/2023\/03\/P1030013.jpg\" \/>\n\t<meta property=\"og:image:width\" content=\"1920\" \/>\n\t<meta property=\"og:image:height\" content=\"1281\" \/>\n\t<meta property=\"og:image:type\" content=\"image\/jpeg\" \/>\n<meta name=\"twitter:card\" content=\"summary_large_image\" \/>\n<meta name=\"twitter:label1\" content=\"Dur\u00e9e de lecture estim\u00e9e\" \/>\n\t<meta name=\"twitter:data1\" content=\"2 minutes\" \/>\n<script type=\"application\/ld+json\" class=\"yoast-schema-graph\">{\"@context\":\"https:\/\/schema.org\",\"@graph\":[{\"@type\":\"WebPage\",\"@id\":\"https:\/\/transportsbellanger.com\/\",\"url\":\"https:\/\/transportsbellanger.com\/\",\"name\":\"Transports Bellanger - Voyages en autocar en France et en Europe\",\"isPartOf\":{\"@id\":\"https:\/\/transportsbellanger.com\/#website\"},\"datePublished\":\"2022-08-08T11:54:30+00:00\",\"dateModified\":\"2025-12-05T17:57:55+00:00\",\"description\":\"Les Transports Bellanger : sp\u00e9cialiste du transport de voyageurs par autocar : voyages, excursions, navettes vers les a\u00e9roports et les gares.\",\"breadcrumb\":{\"@id\":\"https:\/\/transportsbellanger.com\/#breadcrumb\"},\"inLanguage\":\"fr-FR\",\"potentialAction\":[{\"@type\":\"ReadAction\",\"target\":[\"https:\/\/transportsbellanger.com\/\"]}]},{\"@type\":\"BreadcrumbList\",\"@id\":\"https:\/\/transportsbellanger.com\/#breadcrumb\",\"itemListElement\":[{\"@type\":\"ListItem\",\"position\":1,\"name\":\"Accueil\",\"item\":\"https:\/\/transportsbellanger.com\/\"},{\"@type\":\"ListItem\",\"position\":2,\"name\":\"Bienvenue chez Transports Bellanger\"}]},{\"@type\":\"WebSite\",\"@id\":\"https:\/\/transportsbellanger.com\/#website\",\"url\":\"https:\/\/transportsbellanger.com\/\",\"name\":\"Transports BELLANGER\",\"description\":\"Un site utilisant WordPress\",\"publisher\":{\"@id\":\"https:\/\/transportsbellanger.com\/#organization\"},\"potentialAction\":[{\"@type\":\"SearchAction\",\"target\":{\"@type\":\"EntryPoint\",\"urlTemplate\":\"https:\/\/transportsbellanger.com\/?s={search_term_string}\"},\"query-input\":\"required name=search_term_string\"}],\"inLanguage\":\"fr-FR\"},{\"@type\":\"Organization\",\"@id\":\"https:\/\/transportsbellanger.com\/#organization\",\"name\":\"Transports BELLANGER\",\"url\":\"https:\/\/transportsbellanger.com\/\",\"logo\":{\"@type\":\"ImageObject\",\"inLanguage\":\"fr-FR\",\"@id\":\"https:\/\/transportsbellanger.com\/#\/schema\/logo\/image\/\",\"url\":\"https:\/\/transportsbellanger.com\/wp-content\/uploads\/2022\/08\/logo-bellanger.png\",\"contentUrl\":\"https:\/\/transportsbellanger.com\/wp-content\/uploads\/2022\/08\/logo-bellanger.png\",\"width\":1773,\"height\":264,\"caption\":\"Transports BELLANGER\"},\"image\":{\"@id\":\"https:\/\/transportsbellanger.com\/#\/schema\/logo\/image\/\"}}]}<\/script>\n<!-- \/ Yoast SEO plugin. -->","yoast_head_json":{"title":"Transports Bellanger - Voyages en autocar en France et en Europe","description":"Les Transports Bellanger : sp\u00e9cialiste du transport de voyageurs par autocar : voyages, excursions, navettes vers les a\u00e9roports et les gares.","robots":{"index":"index","follow":"follow","max-snippet":"max-snippet:-1","max-image-preview":"max-image-preview:large","max-video-preview":"max-video-preview:-1"},"canonical":"https:\/\/transportsbellanger.com\/","og_locale":"fr_FR","og_type":"article","og_title":"Transports Bellanger - Voyages en autocar en France et en Europe","og_description":"Les Transports Bellanger : sp\u00e9cialiste du transport de voyageurs par autocar : voyages, excursions, navettes vers les a\u00e9roports et les gares.","og_url":"https:\/\/transportsbellanger.com\/","og_site_name":"Transports BELLANGER","article_modified_time":"2025-12-05T17:57:55+00:00","og_image":[{"width":1920,"height":1281,"url":"https:\/\/transportsbellanger.com\/wp-content\/uploads\/2023\/03\/P1030013.jpg","type":"image\/jpeg"}],"twitter_card":"summary_large_image","twitter_misc":{"Dur\u00e9e de lecture estim\u00e9e":"2 minutes"},"schema":{"@context":"https:\/\/schema.org","@graph":[{"@type":"WebPage","@id":"https:\/\/transportsbellanger.com\/","url":"https:\/\/transportsbellanger.com\/","name":"Transports Bellanger - Voyages en autocar en France et en Europe","isPartOf":{"@id":"https:\/\/transportsbellanger.com\/#website"},"datePublished":"2022-08-08T11:54:30+00:00","dateModified":"2025-12-05T17:57:55+00:00","description":"Les Transports Bellanger : sp\u00e9cialiste du transport de voyageurs par autocar : voyages, excursions, navettes vers les a\u00e9roports et les gares.","breadcrumb":{"@id":"https:\/\/transportsbellanger.com\/#breadcrumb"},"inLanguage":"fr-FR","potentialAction":[{"@type":"ReadAction","target":["https:\/\/transportsbellanger.com\/"]}]},{"@type":"BreadcrumbList","@id":"https:\/\/transportsbellanger.com\/#breadcrumb","itemListElement":[{"@type":"ListItem","position":1,"name":"Accueil","item":"https:\/\/transportsbellanger.com\/"},{"@type":"ListItem","position":2,"name":"Bienvenue chez Transports Bellanger"}]},{"@type":"WebSite","@id":"https:\/\/transportsbellanger.com\/#website","url":"https:\/\/transportsbellanger.com\/","name":"Transports BELLANGER","description":"Un site utilisant WordPress","publisher":{"@id":"https:\/\/transportsbellanger.com\/#organization"},"potentialAction":[{"@type":"SearchAction","target":{"@type":"EntryPoint","urlTemplate":"https:\/\/transportsbellanger.com\/?s={search_term_string}"},"query-input":"required name=search_term_string"}],"inLanguage":"fr-FR"},{"@type":"Organization","@id":"https:\/\/transportsbellanger.com\/#organization","name":"Transports BELLANGER","url":"https:\/\/transportsbellanger.com\/","logo":{"@type":"ImageObject","inLanguage":"fr-FR","@id":"https:\/\/transportsbellanger.com\/#\/schema\/logo\/image\/","url":"https:\/\/transportsbellanger.com\/wp-content\/uploads\/2022\/08\/logo-bellanger.png","contentUrl":"https:\/\/transportsbellanger.com\/wp-content\/uploads\/2022\/08\/logo-bellanger.png","width":1773,"height":264,"caption":"Transports BELLANGER"},"image":{"@id":"https:\/\/transportsbellanger.com\/#\/schema\/logo\/image\/"}}]}},"_links":{"self":[{"href":"https:\/\/transportsbellanger.com\/index.php\/wp-json\/wp\/v2\/pages\/7","targetHints":{"allow":["GET"]}}],"collection":[{"href":"https:\/\/transportsbellanger.com\/index.php\/wp-json\/wp\/v2\/pages"}],"about":[{"href":"https:\/\/transportsbellanger.com\/index.php\/wp-json\/wp\/v2\/types\/page"}],"author":[{"embeddable":true,"href":"https:\/\/transportsbellanger.com\/index.php\/wp-json\/wp\/v2\/users\/1"}],"replies":[{"embeddable":true,"href":"https:\/\/transportsbellanger.com\/index.php\/wp-json\/wp\/v2\/comments?post=7"}],"version-history":[{"count":112,"href":"https:\/\/transportsbellanger.com\/index.php\/wp-json\/wp\/v2\/pages\/7\/revisions"}],"predecessor-version":[{"id":742,"href":"https:\/\/transportsbellanger.com\/index.php\/wp-json\/wp\/v2\/pages\/7\/revisions\/742"}],"wp:featuredmedia":[{"embeddable":true,"href":"https:\/\/transportsbellanger.com\/index.php\/wp-json\/wp\/v2\/media\/536"}],"wp:attachment":[{"href":"https:\/\/transportsbellanger.com\/index.php\/wp-json\/wp\/v2\/media?parent=7"}],"curies":[{"name":"wp","href":"https:\/\/api.w.org\/{rel}","templated":true}]}}